{"id":3,"date":"2021-03-02T16:11:52","date_gmt":"2021-03-02T15:11:52","guid":{"rendered":"http:\/\/enprom-wind.ga\/?page_id=3"},"modified":"2021-03-29T12:10:33","modified_gmt":"2021-03-29T10:10:33","slug":"polityka-prywatnosci","status":"publish","type":"page","link":"https:\/\/enpromwind.com\/pl\/polityka-prywatnosci\/","title":{"rendered":"Polityka prywatno\u015bci"},"content":{"rendered":"<ol>\n<li><a href=\"https:\/\/enpromwind.com\/wp-content\/uploads\/2021\/03\/Polityka-prywatnosci-ENPROM-Sp.-z-o.o_-GSDv.popr_.pdf\">Polityka prywatno\u015bci<\/a><\/li>\n<li><a href=\"https:\/\/enpromwind.com\/wp-content\/uploads\/2021\/03\/Klauzula-informacyjna-ogolna-RODO-ENPROM-Sp.-z-o.o_-GSD.pdf\">Klauzula informacyjna og\u00f3lna<\/a><\/li>\n<li><a href=\"https:\/\/enpromwind.com\/wp-content\/uploads\/2021\/03\/Klauzula-informacyjna-dla-kandydatow-do-pracy-ENPROM-Sp.-z-o.o_GSD.pdf\">Klauzula informacyjna dla kandydat\u00f3w do pracy<\/a><\/li>\n<li><a href=\"https:\/\/enpromwind.com\/wp-content\/uploads\/2021\/03\/Klauzula-informacyjna-dla-wlascicieli-nieruchomosci-ENPROM-Sp.-z-o.o_-GSD.pdf\">Klauzula informacyjna dla w\u0142a\u015bcicieli nieruchomo\u015bci<\/a><\/li>\n<\/ol>\n<p><strong>1. Kto jest administratorem Pa\u0144stwa danych osobowych?<\/strong><\/p>\n<p>Administratorem danych osobowych (zwanymi dalej <strong>\u201eDane\u201d<\/strong>) przetwarzanych przez nas w zwi\u0105zku z prowadzeniem dzia\u0142alno\u015bci gospodarczej jest sp\u00f3\u0142ka ENPROM Sp. z o.o. z siedzib\u0105 w Warszawie, Polska, adres: ul. Taneczna 18C, 02\u2013829 Warszawa, wpisana do rejestru przedsi\u0119biorc\u00f3w Krajowego Rejestru S\u0105dowego prowadzonego przez S\u0105d Rejonowy dla m.st. Warszawy w Warszawie, XIII Wydzia\u0142 Gospodarczy Krajowego Rejestru S\u0105dowego pod nr KRS: 0000365831, kapita\u0142 zak\u0142adowy w wysoko\u015bci 1.125.000,00 z\u0142, numer NIP: 701-02-61-504, REGON: 14261466 (zwana dalej <strong>\u201eAdministratorem\u201d<\/strong> lub <strong>\u201eENPROM Wind\u201d<\/strong>).<\/p>\n<p>Dane zbierane przez Administratora za po\u015brednictwem strony internetowej, a tak\u017ce w toku prowadzonej dzia\u0142alno\u015bci w tym w trakcie realizacji przez Administratora kontrakt\u00f3w dla podmiot\u00f3w trzecich s\u0105 przetwarzane zgodnie z Rozporz\u0105dzeniem Parlamentu Europejskiego i Rady (UE) 2016\/679 z dnia 27 kwietnia 2016 r. w sprawie ochrony os\u00f3b fizycznych w zwi\u0105zku z przetwarzaniem danych osobowych i w sprawie swobodnego przep\u0142ywu takich danych oraz uchylenia dyrektywy 95\/46\/WE (Og\u00f3lne Rozporz\u0105dzenie o Ochronie Danych) (zwane dalej <strong>\u201eRODO\u201d<\/strong>) oraz polsk\u0105 Ustaw\u0105 z dnia 10 maja 2018 r. o ochronie danych osobowych.<\/p>\n<p>Dane oznaczaj\u0105 wszelkie informacje o zidentyfikowanej lub mo\u017cliwej do zidentyfikowania osobie fizycznej. Mo\u017cliwa do zidentyfikowania osoba fizyczna to osoba, kt\u00f3r\u0105 mo\u017cna bezpo\u015brednio lub po\u015brednio zidentyfikowa\u0107, w szczeg\u00f3lno\u015bci na podstawie identyfikatora takiego jak imi\u0119 i nazwisko, numer identyfikacyjny, dane o lokalizacji, identyfikator internetowy lub jeden b\u0105d\u017a kilka szczeg\u00f3lnych czynnik\u00f3w okre\u015blaj\u0105cych fizyczn\u0105, fizjologiczn\u0105, genetyczn\u0105, psychiczn\u0105, ekonomiczn\u0105, kulturow\u0105 lub spo\u0142eczn\u0105 to\u017csamo\u015b\u0107 osoby fizycznej.<\/p>\n<p><strong>2. Jak przetwarzamy Dane?\u00a0<\/strong><\/p>\n<p>ENPROM Wind dok\u0142ada szczeg\u00f3lnej staranno\u015bci w celu ochrony interes\u00f3w os\u00f3b, kt\u00f3rych Dane dotycz\u0105, a w szczeg\u00f3lno\u015bci zapewnia, \u017ce zbierane Dane s\u0105:<\/p>\n<ul>\n<li>przetwarzane zgodnie z prawem, rzetelnie i w spos\u00f3b przejrzysty dla osoby, kt\u00f3rej Dane dotycz\u0105;<\/li>\n<li>zbierane w konkretnych, wyra\u017anych i prawnie uzasadnionych celach i nieprzetwarzane dalej w spos\u00f3b niezgodny z tymi celami;<\/li>\n<li>adekwatne, stosowne oraz ograniczone do tego, co niezb\u0119dne do cel\u00f3w, w kt\u00f3rych s\u0105 przetwarzane;<\/li>\n<li>prawid\u0142owe i w razie potrzeby uaktualniane;<\/li>\n<li>przechowywane w formie umo\u017cliwiaj\u0105cej identyfikacj\u0119 osoby, kt\u00f3rej Dane dotycz\u0105, przez okres nie d\u0142u\u017cszy, ni\u017c jest to niezb\u0119dne do cel\u00f3w, w kt\u00f3rych Dane te s\u0105 przetwarzane;<\/li>\n<li>przetwarzane w spos\u00f3b zapewniaj\u0105cy odpowiednie bezpiecze\u0144stwo Danych, w tym ochron\u0119 przed niedozwolonym lub niezgodnym z prawem przetwarzaniem oraz przypadkow\u0105 utrat\u0105, zniszczeniem lub uszkodzeniem, za pomoc\u0105 odpowiednich \u015brodk\u00f3w technicznych lub organizacyjnych.<\/li>\n<\/ul>\n<p><strong>3. Kiedy przetwarzamy Dane?<\/strong><\/p>\n<p>Dane przetwarzamy w wielu sytuacjach. Mog\u0105 by\u0107 to sytuacje, w kt\u00f3rych udost\u0119pnili nam Pa\u0144stwo swoje Dane osobi\u015bcie za po\u015brednictwem r\u00f3\u017cnych kana\u0142\u00f3w komunikacji (np. z\u0142o\u017cenia swojej aplikacji, skierowania zapytania \/ oferty mailowo lub telefonicznie) lub w ramach naszej wsp\u00f3\u0142pracy podczas podpisywania lub realizowania umowy, ale tak\u017ce wtedy, gdy pozyskali\u015bmy Pa\u0144stwa Dane z innych \u017ar\u00f3de\u0142 (np. od podmiotu, z kt\u00f3rym Pa\u0144stwo wsp\u00f3\u0142pracuj\u0105, a kt\u00f3ry jest naszym kontrahentem \/ klientem) czy r\u00f3wnie\u017c w trakcie bezpo\u015bredniego z Pa\u0144stwem kontaktu w trakcie realizacji kontraktu przez Administratora<span style=\"display: inline !important; float: none; background-color: #ffffff; color: #333333; cursor: text; font-family: Georgia,'Times New Roman','Bitstream Charter',Times,serif; font-size: 16px; font-style: normal; font-variant: normal; font-weight: 400; letter-spacing: normal; orphans: 2; text-align: left; text-decoration: none; text-indent: 0px; text-transform: none; -webkit-text-stroke-width: 0px; white-space: normal; word-spacing: 0px;\">.<\/span><\/p>\n<p><strong>4. Podstawa prawna przetwarzania Danych<\/strong><\/p>\n<p>Je\u017celi uzyskamy od Pa\u0144stwa zgod\u0119 na przetwarzanie Danych, podstaw\u0119 prawn\u0105 stanowi art. 6 ust. 1 lit. a) RODO.<\/p>\n<p>W przypadku przetwarzania Danych wymaganych do realizacji umowy, kt\u00f3rej stron\u0105 jest podmiot Danych, podstaw\u0119 prawn\u0105 stanowi art. 6 ust. 1 lit. b) RODO. Dotyczy to r\u00f3wnie\u017c operacji przetwarzania, kt\u00f3re s\u0105 niezb\u0119dne do podj\u0119cia dzia\u0142a\u0144 przed zawarciem umowy. Je\u015bli przetwarzanie Danych jest niezb\u0119dne do wype\u0142nienia obowi\u0105zku prawnego ci\u0105\u017c\u0105cego na ENPROM Wind, podstaw\u0119 prawn\u0105 stanowi art. 6 ust. 1 lit. c) RODO. Je\u015bli istotne interesy podmiotu Danych lub innej osoby fizycznej wymagaj\u0105 przetwarzania Danych, podstaw\u0119 prawn\u0105 stanowi art. 6 ust. 1 lit. d) RODO.<\/p>\n<p>Je\u017celi przetwarzanie Danych jest konieczne dla zabezpieczenia prawnie uzasadnionego interesu ENPROM Wind lub osoby trzeciej i je\u017celi interesy, podstawowe prawa i wolno\u015bci podmiotu Danych nie przewa\u017caj\u0105 nad tymi pierwszymi, podstaw\u0119 prawn\u0105 przetwarzania danych stanowi art. 6 ust. 1 lit. f) RODO.<\/p>\n<p><strong>5. Usuwanie Danych i okres przechowywania<\/strong><\/p>\n<p>Dane podmiotu Danych zostan\u0105 usuni\u0119te lub zablokowane niezw\u0142ocznie po tym, gdy przestanie obowi\u0105zywa\u0107 cel ich przechowywania. Ponadto Dane mog\u0105 by\u0107 przechowywane w przypadku, je\u015bli zosta\u0142o to przewidziane ustawodawstwem europejskim lub krajowym w rozporz\u0105dzeniach, ustawach lub innych przepisach prawnych, kt\u00f3rym podlega Administrator. Do blokady lub usuni\u0119cia danych dojdzie r\u00f3wnie\u017c po up\u0142ywie okresu przechowywania, okre\u015blonego w wy\u017cej wymienionych normach prawnych, chyba \u017ce istnieje wym\u00f3g dalszego przechowywania danych w celu zawarcia lub realizacji umowy.<\/p>\n<p><strong>6. Pliki <span style=\"text-align: left; color: #333333; text-transform: none; text-indent: 0px; letter-spacing: normal; font-family: Georgia,'Times New Roman','Bitstream Charter',Times,serif; font-size: 16px; font-style: normal; font-variant: normal; text-decoration: none; word-spacing: 0px; display: inline !important; white-space: normal; cursor: text; orphans: 2; float: none; -webkit-text-stroke-width: 0px; background-color: #ffffff;\">\u201e<\/span>cookies<span style=\"display: inline !important; float: none; background-color: #ffffff; color: #333333; cursor: text; font-family: Georgia,'Times New Roman','Bitstream Charter',Times,serif; font-size: 16px; font-style: normal; font-variant: normal; font-weight: 400; letter-spacing: normal; orphans: 2; text-align: left; text-decoration: none; text-indent: 0px; text-transform: none; -webkit-text-stroke-width: 0px; white-space: normal; word-spacing: 0px;\">\u201d<\/span><\/strong><\/p>\n<p>Administrator wykorzystuje w\u0142asne pliki \u201ecookies\u201d w celu lepszego poznania sposobu interakcji u\u017cytkownika w zakresie zawarto\u015bci strony. Pliki gromadz\u0105 informacje o sposobie korzystania ze strony internetowej ENPROM Wind przez u\u017cytkownika, typie strony, z jakiej u\u017cytkownik zosta\u0142 przekierowany oraz liczbie odwiedzin i czasie wizyty u\u017cytkownika na stronie internetowej. Informacje te nie rejestruj\u0105 konkretnych danych osobowych \u00a0u\u017cytkownika, lecz s\u0142u\u017c\u0105 do opracowania statystyk korzystania ze strony.<\/p>\n<p>U\u017cytkownik ma prawo zadecydowania w zakresie dost\u0119pu plik\u00f3w \u201ecookies\u201d do swojego komputera poprzez ich uprzedni wyb\u00f3r w oknie swojej przegl\u0105darki. Szczeg\u00f3\u0142owe informacje o mo\u017cliwo\u015bci i sposobach obs\u0142ugi plik\u00f3w \u201ecookies\u201d dost\u0119pne s\u0105 w ustawieniach oprogramowania (przegl\u0105darki internetowej).<\/p>\n<p>Prawn\u0105 podstaw\u0119 przetwarzania Danych z zastosowaniem plik\u00f3w \u201ecookies\u201d wymaganych ze wzgl\u0119d\u00f3w technicznych stanowi art. 6 ust. 1 lit. f) RODO. W przypadku wyra\u017cenia stosownej zgody przez u\u017cytkownika, podstaw\u0119 prawn\u0105 przetwarzania Danych z wykorzystaniem plik\u00f3w \u201ecookies\u201d do cel\u00f3w ww. analizy stanowi art. 6 ust. 1 lit. a) RODO.<\/p>\n<p><strong>7. Polityka prywatno\u015bci w zakresie u\u017cytkowania serwisu Facebook<\/strong><\/p>\n<p>Nasza strona internetowa zawiera wtyczki sp\u00f3\u0142ki Facebook, 1601 South California Avenue, Palo Alto, CA 94304, USA (zwana dalej \u201e<strong>Facebook<\/strong>\u201d). Facebook jest portalem spo\u0142eczno\u015bciowym. Ka\u017cd\u0105 wtyczk\u0119 mo\u017cna rozpozna\u0107 po logo serwisu Facebook lub przycisku \u201eLubi\u0119 to\u201d. Pe\u0142ne zestawienie wszystkich wtyczek serwisu Facebook mo\u017cna znale\u017a\u0107 pod adresem: <a href=\"http:\/\/developers.facebook.com\/docs\/plugins\">developers.facebook.com\/docs\/plugins<\/a>.<\/p>\n<p>Bezpo\u015brednio po wej\u015bciu na nasz\u0105 stron\u0119 internetow\u0105 wtyczka serwisu Facebook nawi\u0105zuje bezpo\u015brednie po\u0142\u0105czenie przegl\u0105darki internetow\u0105 z\u00a0serwerami serwisu Facebook. W ten spos\u00f3b Facebook zostaje poinformowany o\u00a0wizycie u\u017cytkownika o\u00a0danym adresie IP na naszej stronie internetowej. W\u00a0przypadku zalogowania si\u0119 na portalu Facebook mo\u017cna u\u017cy\u0107 przycisku \u201eLubi\u0119 to\u201d, aby w\u00a0swoim profilu na Facebooku uzyska\u0107 dost\u0119p do odpowiednich tre\u015bci opublikowanych na naszej stronie internetowej. W\u00f3wczas serwis Facebook b\u0119dzie m\u00f3g\u0142 przypisa\u0107 wizyt\u0119 u\u017cytkownika na naszej stronie do jego konta w\u00a0serwisie Facebook. Jako administrator \u00a0naszej witryny nie jeste\u015bmy informowani przez serwis Facebook o\u00a0tre\u015bci przesy\u0142anych danych ani sposobie ich wykorzystania. Dodatkowe informacje mo\u017cna znale\u017a\u0107 pod adresem: <a href=\"http:\/\/pl-pl.facebook.com\/policies\">pl-pl.facebook.com\/policies<\/a>.<\/p>\n<p>Je\u015bli u\u017cytkownik zarejestrowany na portalu Facebook nie chce, aby firma Facebook otrzymywa\u0142a dane o\u00a0nim za po\u015brednictwem naszej strony internetowej ani \u0142\u0105czy\u0142a informacji o\u00a0jego cz\u0142onkostwie, musi wylogowa\u0107 si\u0119 z\u00a0portalu Facebook przed wej\u015bciem na nasz\u0105 stron\u0119 internetow\u0105.<\/p>\n<p><strong>8. Polityka prywatno\u015bci w zakresie korzystania i stosowania us\u0142ugi Google Analytics (z funkcj\u0105 anonimizacji)<\/strong><\/p>\n<p>Nasza strona internetowa korzysta z\u00a0us\u0142ugi Google Analytics. Jest to us\u0142uga analizowania stron internetowych, oferowana przez sp\u00f3\u0142k\u0119 Google Inc., 1600 Amphitheatre Parkway, Mountain View, CA 94043, USA (\u201e<strong>Google<\/strong>\u201d). Us\u0142uga Google Analytics wykorzystuje tak zwane \u201ecookies\u201d. \u201eCookies\u201d maj\u0105 form\u0119 plik\u00f3w. \u00a0Przechowuj\u0105c pliki \u201ecookies\u201d na komputerze u\u017cytkownika sp\u00f3\u0142ka Google mo\u017ce analizowa\u0107 spos\u00f3b korzystania z\u00a0naszej strony internetowej przez u\u017cytkownika. Informacje te \u0142\u0105cznie z\u00a0anonimowym adresem IP u\u017cytkownika s\u0105 przekazywane na serwery sp\u00f3\u0142ki Google w\u00a0USA i\u00a0na nich przechowywane.<\/p>\n<p>ENPROM Wind u\u017cywa rozszerzenia \u201e_gat._anonymizeIp\u201d do analizy stron internetowych za po\u015brednictwem us\u0142ugi Google Analytics. Dzi\u0119ki temu adres IP u\u017cytkownika ulega skr\u00f3ceniu i\u00a0staje si\u0119 anonimowy.<\/p>\n<p>Sp\u00f3\u0142ka Google analizuje informacje dotycz\u0105ce sposobu korzystania z\u00a0naszej strony internetowej przez u\u017cytkownika. S\u0142u\u017cy to do tworzenia raport\u00f3w o\u00a0dzia\u0142aniach u\u017cytkownika na naszej stronie internetowej i\u00a0ich udost\u0119pniania ENPROM Wind. Mo\u017ce to r\u00f3wnie\u017c s\u0142u\u017cy\u0107 oferowaniu lub \u015bwiadczeniu innych us\u0142ug niezb\u0119dnych do korzystania z\u00a0naszej strony internetowej lub Internetu. Sp\u00f3\u0142ka Google mo\u017ce przekazywa\u0107 te informacje osobom trzecim, je\u015bli jest to wymagane przez prawo lub w\u00a0przypadku, gdy osoby trzecie s\u0105 upowa\u017cnione przez Google do przetwarzania tych danych.<\/p>\n<p>Istnieje mo\u017cliwo\u015b\u0107 zapobiegania zapisywaniu plik\u00f3w \u201ecookies\u201d na komputerze u\u017cytkownika. W tym celu nale\u017cy dokona\u0107 odpowiedniego ustawienia w\u00a0przegl\u0105darce internetowej. Istnieje jednak mo\u017cliwo\u015b\u0107, \u017ce korzystanie z\u00a0naszej strony internetowej b\u0119dzie w\u00f3wczas mo\u017cliwe tylko w\u00a0ograniczonym zakresie. U\u017cytkownik mo\u017ce uniemo\u017cliwi\u0107 sp\u00f3\u0142ce Google gromadzenie, przesy\u0142anie i\u00a0przetwarzanie swoich danych oraz adresu IP. W tym celu powinien pobra\u0107 i\u00a0zainstalowa\u0107 specjaln\u0105 wtyczk\u0119 do swojej przegl\u0105darki internetowej. Wtyczka ta jest dost\u0119pna pod adresem: <a href=\"http:\/\/tools.google.com\/dlpage\/gaoptout?hl=de\">tools.google.com\/dlpage\/gaoptout<\/a>.<\/p>\n<p><strong>9. Polityka prywatno\u015bci w zakresie u\u017cytkowania serwisu LinkedIn<\/strong><\/p>\n<p style=\"text-align: left;\">Na naszej stronie internetowej znajduj\u0105 si\u0119 wtyczki do portalu spo\u0142eczno\u015bciowego sp\u00f3\u0142ki LinkedIn Corporation, 2029 Stierlin Court, Mountain View, CA 94043, USA (zwanej dalej \u201e<strong>LinkedIn<\/strong>\u201d). Wtyczki LinkedIn mo\u017cna rozpozna\u0107 po odpowiednim logo lub przycisku \u201ePole\u0107\u201d. Nale\u017cy pami\u0119ta\u0107, \u017ce podczas odwiedzania naszej strony internetowej wtyczka ta nawi\u0105zuje po\u0142\u0105czenie pomi\u0119dzy przegl\u0105dark\u0105 internetow\u0105 a\u00a0serwerem LinkedIn. Tym samym sp\u00f3\u0142ka LinkedIn jest informowana, \u017ce nasza strona zosta\u0142a odwiedzona przez u\u017cytkownika o\u00a0danym adresie IP. Po klikni\u0119ciu przycisku \u201ePole\u0107\u201d sp\u00f3\u0142ki LinkedIn i\u00a0zalogowaniu si\u0119 na swoim koncie w\u00a0portalu LinkedIn istnieje mo\u017cliwo\u015b\u0107 linkowania tre\u015bci z\u00a0naszych stron internetowych na swojej stronie w\u00a0profilu LinkedIn. W ten spos\u00f3b sp\u00f3\u0142ka LinkedIn mo\u017ce przypisa\u0107 wizyt\u0119 na naszej stronie do konkretnego u\u017cytkownika lub jego konta. Pragniemy zapewni\u0107, \u017ce nie posiadamy wiedzy na temat tre\u015bci przesy\u0142anych danych ani sposobu ich wykorzystania przez sp\u00f3\u0142k\u0119 LinkedIn.<\/p>\n<p style=\"text-align: left;\">Aby uzyska\u0107 wi\u0119cej informacji na temat gromadzenia danych, opcji prawnych i\u00a0mo\u017cliwo\u015bci ustawie\u0144, nale\u017cy skontaktowa\u0107 si\u0119 ze sp\u00f3\u0142k\u0105 LinkedIn. S\u0105 one dost\u0119pne pod adresem <a href=\"http:\/\/www.linkedin.com\/static?key=privacy_policy&amp;amp;trk=hb_ft_priv\">www.linkedin.com\/static<\/a>.<\/p>\n<p><strong>10. Polityka prywatno\u015bci w\u00a0zakresie u\u017cytkowania serwisu Twitter<\/strong><\/p>\n<p>Nasza strona internetowa zawiera us\u0142ugi sp\u00f3\u0142ki Twitter Inc., 795 Folsom Street, Suite 600, San Francisco, CA 94107, USA (zwana dalej \u201e<strong>Twitter<\/strong>\u201d. Korzystanie z\u00a0serwisu Twitter, a\u00a0w\u00a0szczeg\u00f3lno\u015bci u\u017cycie funkcji \u201eRe-Tweet\u201d powoduje powi\u0105zanie konta u\u017cytkownika w\u00a0serwisie Twitter z\u00a0odwiedzanymi stronami internetowymi. Informacja o tym jest udost\u0119pniana innym u\u017cytkownikom serwisu Twitter, a\u00a0w\u00a0szczeg\u00f3lno\u015bci osobom \u015bledz\u0105cym kana\u0142 u\u017cytkownika. W ten spos\u00f3b dane przesy\u0142ane s\u0105 r\u00f3wnie\u017c do serwisu Twitter.<\/p>\n<p>Jako administrator naszej strony internetowej nie jeste\u015bmy informowani przez sp\u00f3\u0142k\u0119 Twitter o\u00a0tre\u015bci przesy\u0142anych danych ani sposobie ich wykorzystania. Dodatkowe informacje mo\u017cna znale\u017a\u0107 pod adresem: <a href=\"http:\/\/twitter.com\/privacy\">twitter.com\/privacy<\/a>.<\/p>\n<p>Nale\u017cy jednak pami\u0119ta\u0107, \u017ce ustawienia prywatno\u015bci w\u00a0serwisie Twitter mo\u017cna zmieni\u0107 w\u00a0ustawieniach konta na stronie <a href=\"http:\/\/twitter.com\/account\/settings\">twitter.com\/account\/settings<\/a>.<\/p>\n<p><strong>11. Polityka prywatno\u015bci w zakresie u\u017cytkowania serwisu YouTube<\/strong><\/p>\n<p>Nasza strona internetowa zawiera przynajmniej jedn\u0105 wtyczk\u0119 serwisu YouTube. Administratorem serwisu YouTube jest firma YouTube, LLC, 901 Cherry Ave., San Bruno, CA 94066, USA (zwana dalej \u201cYouTube\u201d). Sp\u00f3\u0142ka YouTube, LLC jest sp\u00f3\u0142k\u0105 zale\u017cn\u0105 w stosunku do sp\u00f3\u0142ki Google Inc., 1600 Amphitheatre Pkwy, Mountain View, CA 94043-1351, USA.<\/p>\n<p>Bezpo\u015brednio po wej\u015bciu na nasze strony internetowe wyposa\u017cone we wtyczk\u0119 YouTube nawi\u0105zywane jest po\u0142\u0105czenie z\u00a0serwerami sp\u00f3\u0142ki YouTube. Ponadto serwer sp\u00f3\u0142ki Youtube jest informowany, kt\u00f3r\u0105 konkretn\u0105 podstron\u0119 naszej strony internetowej odwiedzi\u0142 u\u017cytkownik. A u\u017cytkownik zalogowany na swoim koncie w\u00a0serwisie YouTube zezwala tym samym firmie YouTube na bezpo\u015brednie powi\u0105zanie przebiegu swojego surfowania ze swoim profilem osobistym. Mo\u017cna wy\u0142\u0105czy\u0107 t\u0119 opcj\u0119 wylogowuj\u0105c si\u0119 ze swojego konta przed odwiedzeniem naszej strony. Wi\u0119cej informacji na temat gromadzenia i\u00a0wykorzystywania danych u\u017cytkownika przez firm\u0119 YouTube zawiera Polityka Prywatno\u015bci firmy YouTube, dost\u0119pna pod adresem: <a href=\"https:\/\/policies.google.com\/privacy?hl=pl\">https:\/\/policies.google.com\/privacy?hl=pl<\/a>.<\/p>\n<p><strong>12. Przetwarzanie Danych w zwi\u0105zku z relacjami biznesowymi i kontaktem.<\/strong><\/p>\n<p><strong>a. Jakie Dane przetwarzamy w zwi\u0105zku z relacjami biznesowymi i kontaktem?<\/strong><\/p>\n<p>Jako Administrator przetwarzamy Dane naszych partner\u00f3w biznesowych (inwestor\u00f3w, podwykonawc\u00f3w, kontrahent\u00f3w itp.), ich pracownik\u00f3w \/ wsp\u00f3\u0142pracownik\u00f3w, Dane innych os\u00f3b przekazane nam w ramach realizacji um\u00f3w, a tak\u017ce innych os\u00f3b nawi\u0105zuj\u0105cych kontakt z nami za po\u015brednictwem telefonu lub poczty elektronicznej.<\/p>\n<p>W zwi\u0105zku z relacjami biznesowymi i kontaktem mo\u017cemy przetwarza\u0107 nast\u0119puj\u0105ce Dane: Dane identyfikacyjne, Dane teleadresowe, Dane dotycz\u0105ce stanowiska pracy i uprawnie\u0144 zawodowych oraz inne Dane przekazane nam w zwi\u0105zku ze wsp\u00f3\u0142prac\u0105 lub kontaktem.<\/p>\n<p>Powy\u017csze Dane pozyskujemy bezpo\u015brednio od os\u00f3b, kt\u00f3rych Dane dotycz\u0105, a tak\u017ce od innych os\u00f3b, np. od ich pracodawc\u00f3w \/ zleceniodawc\u00f3w.<\/p>\n<p><strong>b. Jaki jest cel i podstawa przetwarzania Danych w zwi\u0105zku z relacjami biznesowymi i kontaktem?<\/strong><\/p>\n<p>W zwi\u0105zku z relacjami biznesowymi i kontaktem przetwarzamy Dane w nast\u0119puj\u0105cych celach:<\/p>\n<ul>\n<li>nawi\u0105zania wsp\u00f3\u0142pracy;<\/li>\n<li>zawarcia i wykonywania umowy;<\/li>\n<li>rozliczenia um\u00f3w;<\/li>\n<li>udzielenia odpowiedzi na wszelkie skierowane zapytania lub wnioski oraz prowadzenie dalszej korespondencji \/ kontaktu w tym zakresie;<\/li>\n<li>obrony przed potencjalnymi roszczeniami, a tak\u017ce w celu ew. kierowania roszcze\u0144.<\/li>\n<\/ul>\n<p>Podstaw\u0105 przetwarzania Danych przez Administratora jest:<\/p>\n<ul>\n<li>niezb\u0119dno\u015b\u0107 do wykonania umowy lub podj\u0119cia dzia\u0142a\u0144 przed jej zawarciem na \u017c\u0105danie osoby, kt\u00f3rej Dane dotycz\u0105;<\/li>\n<li>realizacja obowi\u0105zk\u00f3w prawnych na\u0142o\u017conych na Administratora;<\/li>\n<\/ul>\n<p>Podanie Danych jest dobrowolne, jednak mo\u017ce okaza\u0107 si\u0119 niezb\u0119dne do zawarcia lub wykonania umowy lub do udzielenia odpowiedzi na skierowane zapytanie albo w celu prowadzenia korespondencji.<\/p>\n<p><strong>c. Jak d\u0142ugo b\u0119d\u0105 przetwarzane Dane w zwi\u0105zku z relacjami biznesowymi i kontaktem?<\/strong><\/p>\n<p>Dane zebrane w celach zawarcia i wykonania umowy b\u0119d\u0105 przetwarzane przez okres trwania umowy, a nast\u0119pnie do chwili up\u0142ywu okresu przedawnienia ewentualnych roszcze\u0144.<\/p>\n<p>Dane os\u00f3b, kt\u00f3re skontaktowa\u0142y si\u0119 z Administratorem b\u0119d\u0105 przetwarzane przez okres niezb\u0119dny do udzielenia odpowiedzi i ew. prowadzenia korespondencji, a nast\u0119pnie do chwili up\u0142ywu okresu przedawnienia ewentualnych roszcze\u0144.<\/p>\n<p><strong>d. Kto jest odbiorc\u0105 Danych w zwi\u0105zku z relacjami biznesowymi i kontaktem?<\/strong><\/p>\n<p>Dane przetwarzane przez nas w zwi\u0105zku z relacjami biznesowymi i kontaktem mog\u0105 by\u0107 przekazywane naszym partnerom biznesowym (np. inwestorom i podwykonawcom w ramach wsp\u00f3\u0142pracy przy danym projekcie \/ inwestycji) oraz innym naszym kontrahentom wspieraj\u0105cym nas w organizacji pracy, us\u0142ug IT i marketingu.<\/p>\n<p><strong>13. Przetwarzanie Danych w zwi\u0105zku z rekrutacj\u0105.<\/strong><\/p>\n<p><a href=\"https:\/\/enpromwind.com\/wp-content\/uploads\/2021\/03\/Klauzula-informacyjna-dla-kandydatow-do-pracy-ENPROM-Sp.-z-o.o_GSD.pdf\">Klauzula informacyjna dla kandydat\u00f3w do pracy<\/a><\/p>\n<p><strong>14. Przetwarzanie danych osobowych dysponent\u00f3w nieruchomo\u015bci<\/strong><\/p>\n<p><a href=\"https:\/\/enpromwind.com\/wp-content\/uploads\/2021\/03\/Klauzula-informacyjna-dla-wlascicieli-nieruchomosci-ENPROM-Sp.-z-o.o_-GSD.pdf\">Klauzula informacyjna dla dysponent\u00f3w nieruchomo\u015bci<\/a><\/p>\n<p><strong>15. Czy Pa\u0144stwa Dane trafiaj\u0105 poza Europejski Obszar Gospodarczy?<\/strong><\/p>\n<p>Pa\u0144stwa Dane nie trafiaj\u0105 poza obszar Europejskiego Obszaru Gospodarczego (zwanej dalej \u201e<strong>EOG<\/strong>\u201d), a je\u015bli w przysz\u0142o\u015bci mia\u0142oby doj\u015b\u0107 do transferu do miejsca poza terytorium EOG, Administrator podejmuje odpowiednie kroki w celu zapewnienia ochrony Danych, w szczeg\u00f3lno\u015bci poprzez:<\/p>\n<ul>\n<li>stosowanie okre\u015blonych klauzul umownych zwanych \u201estandardowymi klauzulami umownymi\u201d, kt\u00f3re zosta\u0142y zatwierdzone przez Komisj\u0119 Europejsk\u0105 lub<\/li>\n<li>transfer do kraj\u00f3w, co do kt\u00f3rych Komisja Europejska wyda\u0142a decyzj\u0119 stwierdzaj\u0105c\u0105 odpowiedni stopie\u0144 ochrony.<\/li>\n<\/ul>\n<p>W takim przypadku, przys\u0142uguje Pa\u0144stwu prawo uzyskania kopii odpowiednich zabezpiecze\u0144.<\/p>\n<p><strong>16. Jakie uprawnienia Pa\u0144stwu przys\u0142uguj\u0105?<\/strong><\/p>\n<p>Na zasadach okre\u015blonych obowi\u0105zuj\u0105cymi przepisami przys\u0142uguje Pa\u0144stwu prawo do:<\/p>\n<ul>\n<li>dost\u0119pu do Danych, w tym prawo uzyskania ich kopi;<\/li>\n<li>\u017c\u0105dania ich sprostowania, usuni\u0119cia lub ograniczenia przetwarzania;<\/li>\n<li>wniesienia sprzeciwu wobec przetwarzania;<\/li>\n<li>przenoszenia ich do innego administratora (w zakresie, w jakim podstaw\u0105 ich przetwarzania jest niezb\u0119dno\u015b\u0107 do wykonania umowy lub Pa\u0144stwa zgoda).<\/li>\n<\/ul>\n<p>Je\u017celi przetwarzanie Danych odbywa si\u0119 na podstawie zgody, maj\u0105 Pa\u0144stwo prawo do jej cofni\u0119cia w dowolnym momencie bez wp\u0142ywu na zgodno\u015b\u0107 z prawem przetwarzania, kt\u00f3rego dokonano na podstawie zgody przed jej cofni\u0119ciem.<\/p>\n<p>Zawsze przys\u0142uguje Pa\u0144stwu r\u00f3wnie\u017c prawo wniesienia skargi do Prezesa Urz\u0119du Ochrony Danych Osobowych.<\/p>\n<p><strong>17. Kontakt z ENPROM Wind:<\/strong><\/p>\n<p>W sprawach zwi\u0105zanych z ochron\u0105 danych osobowych prosimy kontaktowa\u0107 si\u0119 na adres mailowy <a href=\"mailto:odo@enpromwind.com\">odo@enpromwind.com<\/a><\/p>\n","protected":false},"excerpt":{"rendered":"<p>Polityka prywatno\u015bci Klauzula informacyjna og\u00f3lna Klauzula informacyjna dla kandydat\u00f3w do pracy Klauzula informacyjna dla w\u0142a\u015bcicieli nieruchomo\u015bci 1. Kto jest administratorem Pa\u0144stwa danych osobowych? Administratorem danych osobowych (zwanymi dalej \u201eDane\u201d) przetwarzanych przez nas w zwi\u0105zku z prowadzeniem dzia\u0142alno\u015bci gospodarczej jest sp\u00f3\u0142ka ENPROM Sp. z o.o. z siedzib\u0105 w Warszawie, Polska, adres: ul. Taneczna 18C, 02\u2013829 Warszawa, [&hellip;]<\/p>\n","protected":false},"author":1,"featured_media":0,"parent":0,"menu_order":0,"comment_status":"closed","ping_status":"open","template":"","meta":{"_acf_changed":false,"inline_featured_image":false,"footnotes":""},"class_list":["post-3","page","type-page","status-publish","hentry"],"acf":[],"_links":{"self":[{"href":"https:\/\/enpromwind.com\/pl\/wp-json\/wp\/v2\/pages\/3","targetHints":{"allow":["GET"]}}],"collection":[{"href":"https:\/\/enpromwind.com\/pl\/wp-json\/wp\/v2\/pages"}],"about":[{"href":"https:\/\/enpromwind.com\/pl\/wp-json\/wp\/v2\/types\/page"}],"author":[{"embeddable":true,"href":"https:\/\/enpromwind.com\/pl\/wp-json\/wp\/v2\/users\/1"}],"replies":[{"embeddable":true,"href":"https:\/\/enpromwind.com\/pl\/wp-json\/wp\/v2\/comments?post=3"}],"version-history":[{"count":6,"href":"https:\/\/enpromwind.com\/pl\/wp-json\/wp\/v2\/pages\/3\/revisions"}],"predecessor-version":[{"id":219,"href":"https:\/\/enpromwind.com\/pl\/wp-json\/wp\/v2\/pages\/3\/revisions\/219"}],"wp:attachment":[{"href":"https:\/\/enpromwind.com\/pl\/wp-json\/wp\/v2\/media?parent=3"}],"curies":[{"name":"wp","href":"https:\/\/api.w.org\/{rel}","templated":true}]}}